{"id":1515,"date":"2023-05-22T17:03:24","date_gmt":"2023-05-22T15:03:24","guid":{"rendered":"https:\/\/sentesetcimes.org\/?page_id=1515"},"modified":"2025-03-26T12:10:09","modified_gmt":"2025-03-26T11:10:09","slug":"proposition","status":"publish","type":"page","link":"https:\/\/sentesetcimes.org\/","title":{"rendered":"Proposition"},"content":{"rendered":"\n<div class=\"wp-block-group is-content-justification-left is-layout-constrained wp-container-core-group-is-layout-12dd3699 wp-block-group-is-layout-constrained\">\n<h2 class=\"wp-block-heading has-xx-large-font-size\" style=\"margin-bottom:var(--wp--preset--spacing--40)\">Sorties d&rsquo;\u00e9t\u00e9<\/h2>\n\n\n\n<p style=\"margin-right:0\">En partenariat avec l\u2019Office de Tourisme des Baronnies en Dr\u00f4me Proven\u00e7ale, je vous invite avec les ami.e.s&nbsp;Passeurs de Sentes, \u00e0 venir d\u00e9couvrir les richesses de ce territoire d\u2019exception. <\/p>\n\n\n\n<p style=\"margin-right:0;margin-left:0\">Les sorties propos\u00e9es dans ce cadre font partie du programme&nbsp;\u00ab&#160;&nbsp;Bougez-Baladez Curieux&nbsp;&#160;\u00bb&nbsp;du territoire&nbsp;&#160;: elles vous feront d\u00e9couvrir le patrimoine naturel et humain de nos montagnes m\u00e9diterran\u00e9ennes et de nos vall\u00e9es.<\/p>\n\n\n\n<p>Les sorties propos\u00e9es ont lieu dans le secteur de Buis les Baronnies et de ses environs proches.<\/p>\n\n\n\n<figure class=\"wp-block-gallery has-nested-images columns-default is-cropped wp-block-gallery-1 is-layout-flex wp-block-gallery-is-layout-flex\">\n<figure class=\"wp-block-image size-large\"><img loading=\"lazy\" decoding=\"async\" width=\"1024\" height=\"768\" data-id=\"1742\" src=\"https:\/\/sentesetcimes.org\/wp-content\/uploads\/sites\/19\/2023\/06\/Libellule_rouge_ecarlate_Crocothemis_erythraea-1024x768.jpg\" alt=\"\" class=\"wp-image-1742\" srcset=\"https:\/\/sentesetcimes.org\/wp-content\/uploads\/sites\/19\/2023\/06\/Libellule_rouge_ecarlate_Crocothemis_erythraea-1024x768.jpg 1024w, https:\/\/sentesetcimes.org\/wp-content\/uploads\/sites\/19\/2023\/06\/Libellule_rouge_ecarlate_Crocothemis_erythraea-300x225.jpg 300w, https:\/\/sentesetcimes.org\/wp-content\/uploads\/sites\/19\/2023\/06\/Libellule_rouge_ecarlate_Crocothemis_erythraea-768x576.jpg 768w, https:\/\/sentesetcimes.org\/wp-content\/uploads\/sites\/19\/2023\/06\/Libellule_rouge_ecarlate_Crocothemis_erythraea-1536x1152.jpg 1536w, https:\/\/sentesetcimes.org\/wp-content\/uploads\/sites\/19\/2023\/06\/Libellule_rouge_ecarlate_Crocothemis_erythraea-2048x1536.jpg 2048w\" sizes=\"auto, (max-width: 1024px) 100vw, 1024px\" \/><\/figure>\n\n\n\n<figure class=\"wp-block-image size-large\"><img loading=\"lazy\" decoding=\"async\" width=\"1024\" height=\"683\" data-id=\"1750\" src=\"https:\/\/sentesetcimes.org\/wp-content\/uploads\/sites\/19\/2023\/06\/ALM00223_2020CL081-1024x683.jpg\" alt=\"\" class=\"wp-image-1750\" srcset=\"https:\/\/sentesetcimes.org\/wp-content\/uploads\/sites\/19\/2023\/06\/ALM00223_2020CL081-1024x683.jpg 1024w, https:\/\/sentesetcimes.org\/wp-content\/uploads\/sites\/19\/2023\/06\/ALM00223_2020CL081-300x200.jpg 300w, https:\/\/sentesetcimes.org\/wp-content\/uploads\/sites\/19\/2023\/06\/ALM00223_2020CL081-768x512.jpg 768w, https:\/\/sentesetcimes.org\/wp-content\/uploads\/sites\/19\/2023\/06\/ALM00223_2020CL081-1536x1024.jpg 1536w, https:\/\/sentesetcimes.org\/wp-content\/uploads\/sites\/19\/2023\/06\/ALM00223_2020CL081-2048x1365.jpg 2048w\" sizes=\"auto, (max-width: 1024px) 100vw, 1024px\" \/><\/figure>\n\n\n\n<figure class=\"wp-block-image size-large\"><img loading=\"lazy\" decoding=\"async\" width=\"1024\" height=\"768\" data-id=\"1753\" src=\"https:\/\/sentesetcimes.org\/wp-content\/uploads\/sites\/19\/2023\/06\/P1000202-1024x768.jpg\" alt=\"\" class=\"wp-image-1753\" srcset=\"https:\/\/sentesetcimes.org\/wp-content\/uploads\/sites\/19\/2023\/06\/P1000202-1024x768.jpg 1024w, https:\/\/sentesetcimes.org\/wp-content\/uploads\/sites\/19\/2023\/06\/P1000202-300x225.jpg 300w, https:\/\/sentesetcimes.org\/wp-content\/uploads\/sites\/19\/2023\/06\/P1000202-768x576.jpg 768w, https:\/\/sentesetcimes.org\/wp-content\/uploads\/sites\/19\/2023\/06\/P1000202-1536x1152.jpg 1536w, https:\/\/sentesetcimes.org\/wp-content\/uploads\/sites\/19\/2023\/06\/P1000202-2048x1536.jpg 2048w\" sizes=\"auto, (max-width: 1024px) 100vw, 1024px\" \/><\/figure>\n<\/figure>\n<\/div>\n\n\n\n<hr class=\"wp-block-separator has-alpha-channel-opacity\" style=\"margin-top:var(--wp--preset--spacing--40);margin-bottom:var(--wp--preset--spacing--40)\"\/>\n\n\n\n<div class=\"wp-block-group is-content-justification-right is-layout-constrained wp-container-core-group-is-layout-35653867 wp-block-group-is-layout-constrained\" style=\"padding-bottom:var(--wp--preset--spacing--40);padding-left:0\">\n<h2 class=\"wp-block-heading has-text-align-right has-xx-large-font-size\" style=\"margin-top:0;margin-bottom:var(--wp--preset--spacing--40)\">Randonn\u00e9es \u00e0 la carte<\/h2>\n\n\n\n<p class=\"has-text-align-left\">Ma conception de la randonn\u00e9e s\u2019articule autour d\u2019un \u00e9l\u00e9ment essentiel&nbsp;&#160;: l\u2019Humain que vous \u00eates&nbsp;&#160;! Mon travail consiste \u00e0 vous faire \u00e9voluer sur les chemins de la d\u00e9couverte, afin d\u2019\u00e9veiller votre curiosit\u00e9 au monde qui nous entoure.<\/p>\n\n\n\n<p class=\"has-text-align-left\">J\u2019aurais \u00e0 c\u0153ur de vous proposer des parcours atypiques, loin des sentiers battus et de leur foule&nbsp;&#160;: chaque sortie est une invitation au voyage et au d\u00e9paysement. Ici, dans les baronnies proven\u00e7ales&nbsp;&#160;; mais aussi dans d\u2019autres massifs plus \u00e9loign\u00e9s.<\/p>\n\n\n\n<figure class=\"wp-block-gallery has-nested-images columns-default is-cropped wp-block-gallery-2 is-layout-flex wp-block-gallery-is-layout-flex\">\n<figure class=\"wp-block-image size-large\"><img loading=\"lazy\" decoding=\"async\" width=\"1024\" height=\"683\" data-id=\"736\" src=\"https:\/\/sentesetcimes.org\/wp-content\/uploads\/sites\/19\/2019\/07\/190317-18-50-42-1024x683.jpg\" alt=\"\" class=\"wp-image-736\" srcset=\"https:\/\/sentesetcimes.org\/wp-content\/uploads\/sites\/19\/2019\/07\/190317-18-50-42-1024x683.jpg 1024w, https:\/\/sentesetcimes.org\/wp-content\/uploads\/sites\/19\/2019\/07\/190317-18-50-42-300x200.jpg 300w, https:\/\/sentesetcimes.org\/wp-content\/uploads\/sites\/19\/2019\/07\/190317-18-50-42-768x512.jpg 768w, https:\/\/sentesetcimes.org\/wp-content\/uploads\/sites\/19\/2019\/07\/190317-18-50-42-1536x1024.jpg 1536w, https:\/\/sentesetcimes.org\/wp-content\/uploads\/sites\/19\/2019\/07\/190317-18-50-42-2048x1365.jpg 2048w\" sizes=\"auto, (max-width: 1024px) 100vw, 1024px\" \/><\/figure>\n\n\n\n<figure class=\"wp-block-image size-large\"><img loading=\"lazy\" decoding=\"async\" width=\"1024\" height=\"683\" data-id=\"484\" src=\"https:\/\/sentesetcimes.org\/wp-content\/uploads\/sites\/19\/2019\/03\/mge-de-raton-1024x683.jpg\" alt=\"\" class=\"wp-image-484\" srcset=\"https:\/\/sentesetcimes.org\/wp-content\/uploads\/sites\/19\/2019\/03\/mge-de-raton-1024x683.jpg 1024w, https:\/\/sentesetcimes.org\/wp-content\/uploads\/sites\/19\/2019\/03\/mge-de-raton-300x200.jpg 300w, https:\/\/sentesetcimes.org\/wp-content\/uploads\/sites\/19\/2019\/03\/mge-de-raton-768x512.jpg 768w, https:\/\/sentesetcimes.org\/wp-content\/uploads\/sites\/19\/2019\/03\/mge-de-raton-1536x1024.jpg 1536w, https:\/\/sentesetcimes.org\/wp-content\/uploads\/sites\/19\/2019\/03\/mge-de-raton-2048x1365.jpg 2048w\" sizes=\"auto, (max-width: 1024px) 100vw, 1024px\" \/><\/figure>\n\n\n\n<figure class=\"wp-block-image size-large\"><img loading=\"lazy\" decoding=\"async\" width=\"1024\" height=\"768\" data-id=\"1751\" src=\"https:\/\/sentesetcimes.org\/wp-content\/uploads\/sites\/19\/2023\/06\/P1000718-1024x768.jpg\" alt=\"\" class=\"wp-image-1751\" srcset=\"https:\/\/sentesetcimes.org\/wp-content\/uploads\/sites\/19\/2023\/06\/P1000718-1024x768.jpg 1024w, https:\/\/sentesetcimes.org\/wp-content\/uploads\/sites\/19\/2023\/06\/P1000718-300x225.jpg 300w, https:\/\/sentesetcimes.org\/wp-content\/uploads\/sites\/19\/2023\/06\/P1000718-768x576.jpg 768w, https:\/\/sentesetcimes.org\/wp-content\/uploads\/sites\/19\/2023\/06\/P1000718-1536x1152.jpg 1536w, https:\/\/sentesetcimes.org\/wp-content\/uploads\/sites\/19\/2023\/06\/P1000718-2048x1536.jpg 2048w\" sizes=\"auto, (max-width: 1024px) 100vw, 1024px\" \/><\/figure>\n<\/figure>\n<\/div>\n\n\n\n<hr class=\"wp-block-separator has-alpha-channel-opacity\" style=\"margin-top:var(--wp--preset--spacing--40);margin-bottom:var(--wp--preset--spacing--40)\"\/>\n\n\n\n<div class=\"wp-block-group is-content-justification-left is-layout-constrained wp-container-core-group-is-layout-12dd3699 wp-block-group-is-layout-constrained\">\n<h2 class=\"wp-block-heading has-xx-large-font-size\" style=\"margin-bottom:var(--wp--preset--spacing--40)\">S\u00e9jours Nature et Bien-Etre<\/h2>\n\n\n\n<p>En partenariat Aur\u00e9lie, fondatrice de Wacohe, nous vous proposons des s\u00e9jours ax\u00e9s autour d\u2019exp\u00e9riences d\u2019immersion dans notre massif des Baronnies. Infos et dates des prochains s\u00e9jours ici&nbsp;&#160;: https:\/\/wacohe.com\/sejours-nature-bien-etre\/<\/p>\n\n\n\n<figure class=\"wp-block-gallery has-nested-images columns-default is-cropped wp-block-gallery-3 is-layout-flex wp-block-gallery-is-layout-flex\">\n<figure class=\"wp-block-image size-large\"><img loading=\"lazy\" decoding=\"async\" width=\"1024\" height=\"768\" data-id=\"1759\" src=\"https:\/\/sentesetcimes.org\/wp-content\/uploads\/sites\/19\/2023\/06\/P1003337_b-1024x768.jpg\" alt=\"\" class=\"wp-image-1759\" srcset=\"https:\/\/sentesetcimes.org\/wp-content\/uploads\/sites\/19\/2023\/06\/P1003337_b-1024x768.jpg 1024w, https:\/\/sentesetcimes.org\/wp-content\/uploads\/sites\/19\/2023\/06\/P1003337_b-300x225.jpg 300w, https:\/\/sentesetcimes.org\/wp-content\/uploads\/sites\/19\/2023\/06\/P1003337_b-768x576.jpg 768w, https:\/\/sentesetcimes.org\/wp-content\/uploads\/sites\/19\/2023\/06\/P1003337_b-1536x1152.jpg 1536w, https:\/\/sentesetcimes.org\/wp-content\/uploads\/sites\/19\/2023\/06\/P1003337_b-2048x1536.jpg 2048w\" sizes=\"auto, (max-width: 1024px) 100vw, 1024px\" \/><\/figure>\n\n\n\n<figure class=\"wp-block-image size-large\"><img loading=\"lazy\" decoding=\"async\" width=\"1024\" height=\"641\" data-id=\"1743\" src=\"https:\/\/sentesetcimes.org\/wp-content\/uploads\/sites\/19\/2023\/06\/J1_Praloubeau-7-Parnassius-apollo-Apollon-PAPILIONIDAE-1024x641.jpg\" alt=\"\" class=\"wp-image-1743\" srcset=\"https:\/\/sentesetcimes.org\/wp-content\/uploads\/sites\/19\/2023\/06\/J1_Praloubeau-7-Parnassius-apollo-Apollon-PAPILIONIDAE-1024x641.jpg 1024w, https:\/\/sentesetcimes.org\/wp-content\/uploads\/sites\/19\/2023\/06\/J1_Praloubeau-7-Parnassius-apollo-Apollon-PAPILIONIDAE-300x188.jpg 300w, https:\/\/sentesetcimes.org\/wp-content\/uploads\/sites\/19\/2023\/06\/J1_Praloubeau-7-Parnassius-apollo-Apollon-PAPILIONIDAE-768x481.jpg 768w, https:\/\/sentesetcimes.org\/wp-content\/uploads\/sites\/19\/2023\/06\/J1_Praloubeau-7-Parnassius-apollo-Apollon-PAPILIONIDAE-1536x961.jpg 1536w, https:\/\/sentesetcimes.org\/wp-content\/uploads\/sites\/19\/2023\/06\/J1_Praloubeau-7-Parnassius-apollo-Apollon-PAPILIONIDAE-2048x1281.jpg 2048w\" sizes=\"auto, (max-width: 1024px) 100vw, 1024px\" \/><\/figure>\n\n\n\n<figure class=\"wp-block-image size-large\"><img loading=\"lazy\" decoding=\"async\" width=\"1024\" height=\"683\" data-id=\"1762\" src=\"https:\/\/sentesetcimes.org\/wp-content\/uploads\/sites\/19\/2023\/06\/Prairie-Loube-1024x683.jpg\" alt=\"\" class=\"wp-image-1762\" srcset=\"https:\/\/sentesetcimes.org\/wp-content\/uploads\/sites\/19\/2023\/06\/Prairie-Loube-1024x683.jpg 1024w, https:\/\/sentesetcimes.org\/wp-content\/uploads\/sites\/19\/2023\/06\/Prairie-Loube-300x200.jpg 300w, https:\/\/sentesetcimes.org\/wp-content\/uploads\/sites\/19\/2023\/06\/Prairie-Loube-768x512.jpg 768w, https:\/\/sentesetcimes.org\/wp-content\/uploads\/sites\/19\/2023\/06\/Prairie-Loube-1536x1024.jpg 1536w, https:\/\/sentesetcimes.org\/wp-content\/uploads\/sites\/19\/2023\/06\/Prairie-Loube-2048x1365.jpg 2048w\" sizes=\"auto, (max-width: 1024px) 100vw, 1024px\" \/><\/figure>\n<\/figure>\n<\/div>\n\n\n\n<hr class=\"wp-block-separator has-alpha-channel-opacity\" style=\"margin-top:var(--wp--preset--spacing--40);margin-bottom:var(--wp--preset--spacing--40)\"\/>\n\n\n\n<div class=\"wp-block-group is-content-justification-right is-layout-constrained wp-container-core-group-is-layout-35653867 wp-block-group-is-layout-constrained\" style=\"padding-bottom:var(--wp--preset--spacing--40);padding-left:0\">\n<h2 class=\"wp-block-heading has-text-align-right has-xx-large-font-size\" style=\"margin-bottom:var(--wp--preset--spacing--40)\">Public scolaire<\/h2>\n\n\n\n<p>Une partie de mon activit\u00e9 professionnelle s\u2019exerce \u00e0 destination du public scolaire du territoire des Baronnies Proven\u00e7ales&nbsp;&#160;: membre du r\u00e9seau \u00e9ducatif des Baronautes, port\u00e9 par le Parc Naturel R\u00e9gional des Baronnies Proven\u00e7ales, je construis avec les enseignant.e.s des projets d\u2019Education \u00e0 l\u2019Environnement et au Territoire pour leur classe.<\/p>\n\n\n\n<p> Mes th\u00e9matiques d\u2019intervention sont multiples&nbsp;&#160;:<\/p>\n\n\n\n<ul class=\"wp-block-list\">\n<li>d\u00e9couverte du milieu de la moyenne montagne des Baronnies&nbsp;&#160;;<\/li>\n\n\n\n<li>d\u00e9couverte de la biodiversit\u00e9&nbsp;&#160;;<\/li>\n\n\n\n<li>eau et milieux aquatiques&#160;;<\/li>\n\n\n\n<li>astronomie et monde nocturne&nbsp;&#160;;<\/li>\n\n\n\n<li>histoire et paysages.<\/li>\n<\/ul>\n\n\n\n<p>Pour de plus amples informations, n\u2019h\u00e9sitez pas \u00e0 me contacter.<\/p>\n<\/div>\n\n\n\n<hr class=\"wp-block-separator has-alpha-channel-opacity\" style=\"margin-top:var(--wp--preset--spacing--30);margin-bottom:var(--wp--preset--spacing--30)\"\/>\n\n\n\n<div class=\"wp-block-group is-content-justification-left is-layout-constrained wp-container-core-group-is-layout-12dd3699 wp-block-group-is-layout-constrained\">\n<h2 class=\"wp-block-heading has-xx-large-font-size\" style=\"margin-bottom:var(--wp--preset--spacing--40)\">Classes de d\u00e9couvertes en astronomie<\/h2>\n\n\n\n<p>Dans le cadre d\u2019un partenariat avec les centres de vacances de Biabaux (LPM) \u00e0 Saint-Michel-l\u2019Observatoire et de la Fontaine d\u2019Annibal (FOL26) \u00e0 Buis-les-Baronnies, je propose des ateliers et des veill\u00e9es d\u2019observations sur les s\u00e9jours de classes de d\u00e9couvertes \u00e0 th\u00e9matique Astronomie et monde nocturne.<\/p>\n\n\n\n<p>Dossier p\u00e9dagogique sur demande.<\/p>\n<\/div>\n\n\n\n<p><\/p>\n","protected":false},"excerpt":{"rendered":"<p>Sorties d&rsquo;\u00e9t\u00e9 En partenariat avec l\u2019Office de Tourisme des Baronnies en Dr\u00f4me Proven\u00e7ale, je vous invite avec les ami.e.s&nbsp;Passeurs de Sentes, \u00e0 venir d\u00e9couvrir les richesses de ce territoire d\u2019exception. Les sorties propos\u00e9es dans ce cadre font partie du programme&nbsp;\u00ab&#160;&nbsp;Bougez-Baladez Curieux&nbsp;&#160;\u00bb&nbsp;du territoire&nbsp;&#160;: elles vous feront d\u00e9couvrir le patrimoine naturel et humain de nos montagnes m\u00e9diterran\u00e9ennes [&hellip;]<\/p>\n","protected":false},"author":1,"featured_media":0,"parent":0,"menu_order":0,"comment_status":"closed","ping_status":"closed","template":"","meta":{"footnotes":""},"class_list":["post-1515","page","type-page","status-publish","hentry"],"_links":{"self":[{"href":"https:\/\/sentesetcimes.org\/index.php\/wp-json\/wp\/v2\/pages\/1515","targetHints":{"allow":["GET"]}}],"collection":[{"href":"https:\/\/sentesetcimes.org\/index.php\/wp-json\/wp\/v2\/pages"}],"about":[{"href":"https:\/\/sentesetcimes.org\/index.php\/wp-json\/wp\/v2\/types\/page"}],"author":[{"embeddable":true,"href":"https:\/\/sentesetcimes.org\/index.php\/wp-json\/wp\/v2\/users\/1"}],"replies":[{"embeddable":true,"href":"https:\/\/sentesetcimes.org\/index.php\/wp-json\/wp\/v2\/comments?post=1515"}],"version-history":[{"count":79,"href":"https:\/\/sentesetcimes.org\/index.php\/wp-json\/wp\/v2\/pages\/1515\/revisions"}],"predecessor-version":[{"id":1875,"href":"https:\/\/sentesetcimes.org\/index.php\/wp-json\/wp\/v2\/pages\/1515\/revisions\/1875"}],"wp:attachment":[{"href":"https:\/\/sentesetcimes.org\/index.php\/wp-json\/wp\/v2\/media?parent=1515"}],"curies":[{"name":"wp","href":"https:\/\/api.w.org\/{rel}","templated":true}]}}