{"id":1671,"date":"2023-05-30T13:31:18","date_gmt":"2023-05-30T11:31:18","guid":{"rendered":"https:\/\/sentesetcimes.org\/?page_id=1671"},"modified":"2023-05-30T15:04:42","modified_gmt":"2023-05-30T13:04:42","slug":"mentions-legales","status":"publish","type":"page","link":"https:\/\/sentesetcimes.org\/mentions-legales\/","title":{"rendered":"Mentions l\u00e9gales"},"content":{"rendered":"\n<p><strong>Directeur de publication<\/strong>&#160;: Gr\u00e9gory Curiel<\/p>\n\n\n\n<p><strong>Web design et h\u00e9bergement \u00e9co-responsable<\/strong>&#160;: Network Studio<\/p>\n\n\n\n<p><strong>Cr\u00e9dits photographiques&#160;:&nbsp;<\/strong>C\u00e9line Davanture, Antoine Rambaud, Maurice Gueroult, Gr\u00e9gory Curiel<\/p>\n\n\n\n<h2 class=\"wp-block-heading has-xx-large-font-size\" style=\"margin-top:var(--wp--preset--spacing--40)\">Politique de confidentialit\u00e9<\/h2>\n\n\n\n<p>Ce site web ne recourt \u00e0 aucun cookie n\u00e9cessitant l&rsquo;accord des internautes.<\/p>\n","protected":false},"excerpt":{"rendered":"<p>Directeur de publication&#160;: Gr\u00e9gory Curiel Web design et h\u00e9bergement \u00e9co-responsable&#160;: Network Studio Cr\u00e9dits photographiques&#160;:&nbsp;C\u00e9line Davanture, Antoine Rambaud, Maurice Gueroult, Gr\u00e9gory Curiel Politique de confidentialit\u00e9 Ce site web ne recourt \u00e0 aucun cookie n\u00e9cessitant l&rsquo;accord des internautes.<\/p>\n","protected":false},"author":1,"featured_media":0,"parent":0,"menu_order":0,"comment_status":"closed","ping_status":"closed","template":"","meta":{"footnotes":""},"class_list":["post-1671","page","type-page","status-publish","hentry"],"_links":{"self":[{"href":"https:\/\/sentesetcimes.org\/index.php\/wp-json\/wp\/v2\/pages\/1671","targetHints":{"allow":["GET"]}}],"collection":[{"href":"https:\/\/sentesetcimes.org\/index.php\/wp-json\/wp\/v2\/pages"}],"about":[{"href":"https:\/\/sentesetcimes.org\/index.php\/wp-json\/wp\/v2\/types\/page"}],"author":[{"embeddable":true,"href":"https:\/\/sentesetcimes.org\/index.php\/wp-json\/wp\/v2\/users\/1"}],"replies":[{"embeddable":true,"href":"https:\/\/sentesetcimes.org\/index.php\/wp-json\/wp\/v2\/comments?post=1671"}],"version-history":[{"count":4,"href":"https:\/\/sentesetcimes.org\/index.php\/wp-json\/wp\/v2\/pages\/1671\/revisions"}],"predecessor-version":[{"id":1711,"href":"https:\/\/sentesetcimes.org\/index.php\/wp-json\/wp\/v2\/pages\/1671\/revisions\/1711"}],"wp:attachment":[{"href":"https:\/\/sentesetcimes.org\/index.php\/wp-json\/wp\/v2\/media?parent=1671"}],"curies":[{"name":"wp","href":"https:\/\/api.w.org\/{rel}","templated":true}]}}